{"id":2349,"date":"2026-01-06T11:46:41","date_gmt":"2026-01-06T11:46:41","guid":{"rendered":"https:\/\/kaasshop.net\/?post_type=product&#038;p=2349"},"modified":"2026-01-07T10:26:58","modified_gmt":"2026-01-07T10:26:58","slug":"president-creme-brie","status":"publish","type":"product","link":"https:\/\/kaasshop.net\/index.php\/product\/president-creme-brie\/","title":{"rendered":"Pr\u00e9sident Cr\u00e8me Brie"},"content":{"rendered":"<p>Pr\u00e9sident Cr\u00e8me de Brie\u00a0is een\u00a0smeerbare variant van de bekende Franse brie.<\/p>\n<p>Het is een smeltkaas met de milde en romige smaak van brie, maar zonder de witte korst.<\/p>\n","protected":false},"excerpt":{"rendered":"<p>Smeerbare Brie<\/p>\n","protected":false},"featured_media":1474,"template":"","meta":[],"product_brand":[],"product_cat":[42],"product_tag":[],"class_list":{"0":"post-2349","1":"product","2":"type-product","3":"status-publish","4":"has-post-thumbnail","6":"product_cat-blauw-en-brie","8":"first","9":"instock","10":"sale","11":"taxable","12":"shipping-taxable","13":"purchasable","14":"product-type-simple"},"_links":{"self":[{"href":"https:\/\/kaasshop.net\/index.php\/wp-json\/wp\/v2\/product\/2349","targetHints":{"allow":["GET"]}}],"collection":[{"href":"https:\/\/kaasshop.net\/index.php\/wp-json\/wp\/v2\/product"}],"about":[{"href":"https:\/\/kaasshop.net\/index.php\/wp-json\/wp\/v2\/types\/product"}],"wp:featuredmedia":[{"embeddable":true,"href":"https:\/\/kaasshop.net\/index.php\/wp-json\/wp\/v2\/media\/1474"}],"wp:attachment":[{"href":"https:\/\/kaasshop.net\/index.php\/wp-json\/wp\/v2\/media?parent=2349"}],"wp:term":[{"taxonomy":"product_brand","embeddable":true,"href":"https:\/\/kaasshop.net\/index.php\/wp-json\/wp\/v2\/product_brand?post=2349"},{"taxonomy":"product_cat","embeddable":true,"href":"https:\/\/kaasshop.net\/index.php\/wp-json\/wp\/v2\/product_cat?post=2349"},{"taxonomy":"product_tag","embeddable":true,"href":"https:\/\/kaasshop.net\/index.php\/wp-json\/wp\/v2\/product_tag?post=2349"}],"curies":[{"name":"wp","href":"https:\/\/api.w.org\/{rel}","templated":true}]}}